{"id":4981,"date":"2024-04-29T11:40:48","date_gmt":"2024-04-29T10:40:48","guid":{"rendered":"https:\/\/www.hotelelysee.com\/4967-2-copy-copy\/"},"modified":"2024-10-28T14:41:41","modified_gmt":"2024-10-28T14:41:41","slug":"interview-receptionniste","status":"publish","type":"page","link":"https:\/\/www.hotelelysee.com\/fr\/interview-receptionniste\/","title":{"rendered":"Interview R\u00e9ceptionniste de l&rsquo;H\u00f4tel l&rsquo;Elys\u00e9e Val d&rsquo;Europe : Antoine"},"content":{"rendered":"\n    \n    \n\n    <section\n    class=\"row container banner-block flex justify-center items-center flex-col theme--image\"\n    id=\"block_73d9f3f360867980b6a1aa86d6c25304\"\n    style=\"\n        min-height: 100svh;\n                \"\n    >\n                    <div class=\"block-bg-img\n            \">\n                <img loading=\"lazy\" decoding=\"async\"\n            src=\"https:\/\/www.hotelelysee.com\/wp-content\/uploads\/2024\/04\/Lobby.jpg\"\n    \n    \n    \n    onerror=\"this.onerror=null; this.src='data:image\/gif;base64,R0lGODlhAQABAIAAAMLCwgAAACH5BAAAAAAALAAAAAABAAEAAAICRAEAOw=='; this.srcset='data:image\/gif;base64,R0lGODlhAQABAIAAAMLCwgAAACH5BAAAAAAALAAAAAABAAEAAAICRAEAOw=='\"\n    alt=\"Lobby\"\n    width=\"1920\"\n    height=\"1279\"\n    class=\"\n        object-fit             \"\n\n        \n            srcset=\"https:\/\/www.hotelelysee.com\/wp-content\/uploads\/2024\/04\/Lobby-188x125.jpg 188w, https:\/\/www.hotelelysee.com\/wp-content\/uploads\/2024\/04\/Lobby-375x250.jpg 375w, https:\/\/www.hotelelysee.com\/wp-content\/uploads\/2024\/04\/Lobby-500x333.jpg 500w, https:\/\/www.hotelelysee.com\/wp-content\/uploads\/2024\/04\/Lobby-640x426.jpg 640w, https:\/\/www.hotelelysee.com\/wp-content\/uploads\/2024\/04\/Lobby-800x533.jpg 800w, https:\/\/www.hotelelysee.com\/wp-content\/uploads\/2024\/04\/Lobby-1024x682.jpg 1024w, https:\/\/www.hotelelysee.com\/wp-content\/uploads\/2024\/04\/Lobby-1367x911.jpg 1367w, https:\/\/www.hotelelysee.com\/wp-content\/uploads\/2024\/04\/Lobby.jpg 1920w, https:\/\/www.hotelelysee.com\/wp-content\/uploads\/2024\/04\/Lobby.jpg 2200w\"\n    \n    sizes=\"auto, (max-width: 48em) 100vw, (max-width: 64em) 100vw, (min-width: 64em) 100vw\">\n            <\/div>\n                <div class=\"banner-content-block \">\n                                        <p class=\"mb-2 overline color-accent\">\n                    #RECEPTION #INTERVIEW                <\/p>\n                                        <h1 class=\"mb-2\">Interview de Antoine, R\u00e9ceptionniste \u00e0 l&rsquo;H\u00f4tel l&rsquo;Elys\u00e9e Val d&rsquo;Europe                                    <\/h1>\n            \n                                            <\/div>\n                        \n            <\/section>\n    \n\n    <section\n    class=\"row spacing container content-block-container\"\n    id=\"block_58629565fbb46e81fd5bdd492ca433e0\"\n    data-aos=\"fade-up\"\n        >\n        \n        <div class=\"content-block text-align-left\">\n                                        <h2 data-aos=\"fade-up\">Interview de Antoine : r\u00e9ceptionniste \u00e0 l&rsquo;H\u00f4tel l&rsquo;Elys\u00e9e Val d&rsquo;Europe                                    <\/h2>\n                                        <div data-aos=\"fade-up\">\n                    <p>Avant son d\u00e9part \u00e0 l\u2019\u00e9tranger pour une longue dur\u00e9e, Antoine nous partage son ressenti sur son ann\u00e9e parmi nous.<\/p>\n<h4><strong><img loading=\"lazy\" decoding=\"async\" class=\" wp-image-4950 alignleft\" src=\"https:\/\/www.hotelelysee.com\/wp-content\/uploads\/2024\/04\/Antoine-4-248x300.jpg\" alt=\"\" width=\"280\" height=\"339\" srcset=\"https:\/\/www.hotelelysee.com\/wp-content\/uploads\/2024\/04\/Antoine-4-248x300.jpg 248w, https:\/\/www.hotelelysee.com\/wp-content\/uploads\/2024\/04\/Antoine-4-847x1024.jpg 847w, https:\/\/www.hotelelysee.com\/wp-content\/uploads\/2024\/04\/Antoine-4-768x928.jpg 768w, https:\/\/www.hotelelysee.com\/wp-content\/uploads\/2024\/04\/Antoine-4-1271x1536.jpg 1271w, https:\/\/www.hotelelysee.com\/wp-content\/uploads\/2024\/04\/Antoine-4-1694x2048.jpg 1694w, https:\/\/www.hotelelysee.com\/wp-content\/uploads\/2024\/04\/Antoine-4-188x227.jpg 188w, https:\/\/www.hotelelysee.com\/wp-content\/uploads\/2024\/04\/Antoine-4-375x453.jpg 375w, https:\/\/www.hotelelysee.com\/wp-content\/uploads\/2024\/04\/Antoine-4-500x604.jpg 500w, https:\/\/www.hotelelysee.com\/wp-content\/uploads\/2024\/04\/Antoine-4-640x774.jpg 640w, https:\/\/www.hotelelysee.com\/wp-content\/uploads\/2024\/04\/Antoine-4-800x967.jpg 800w, https:\/\/www.hotelelysee.com\/wp-content\/uploads\/2024\/04\/Antoine-4-1024x1238.jpg 1024w, https:\/\/www.hotelelysee.com\/wp-content\/uploads\/2024\/04\/Antoine-4-1367x1652.jpg 1367w, https:\/\/www.hotelelysee.com\/wp-content\/uploads\/2024\/04\/Antoine-4.jpg 1820w\" sizes=\"auto, (max-width: 280px) 100vw, 280px\" \/>Bonjour Antoine, peux-tu d\u00e9crire le poste que tu occupes \u00e0 l\u2019H\u00f4tel l\u2019Elys\u00e9e Val d\u2019Europe et nous expliquer quelles sont tes missions ?<\/strong><\/h4>\n<p>Je suis R\u00e9ceptionniste \u00e0 l\u2019H\u00f4tel l\u2019Elys\u00e9e Val d\u2019Europe depuis maintenant un an ! Cela consiste \u00e0 accueillir les clients d\u00e8s leur arriv\u00e9e \u00e0 l\u2019h\u00f4tel et effectuer le \u00ab check-in \u00bb :\u00a0 remettre la clef de la chambre aux clients et leur donner toutes les informations n\u00e9cessaires pour que le s\u00e9jour se passe au mieux ! (horaires du petit-d\u00e9jeuner, horaires de passage de la navette Disney, carte du restaurant et du bar\u2026).<\/p>\n<p>Pendant le s\u00e9jour, nous r\u00e9pondons aux demandes sp\u00e9cifiques que les clients peuvent avoir telles que des informations sur les transports en commun, des conseils sur les activit\u00e9s \u00e0 effectuer \u00e0 proximit\u00e9 de l\u2019h\u00f4tel et comment les organiser etc.<\/p>\n<p>A la fin du s\u00e9jour de nos clients nous faisons ce qu\u2019on appelle le \u00ab\u00a0check-out\u00a0\u00bb, c\u2019est-\u00e0-dire enregistrer le d\u00e9part de l\u2019h\u00f4tel en s\u2019assurant que tout se soit bien pass\u00e9, qu\u2019ils n\u2019ont manqu\u00e9 de rien et aussi, qu\u2019il n\u2019y ait pas de reste \u00e0 payer.<\/p>\n<p>Il y a \u00e9galement un aspect plus administratif au poste de r\u00e9ceptionniste qui regroupe la gestion des extras de s\u00e9jour (achat de billets Disney, r\u00e9servations de taxi, validation des upgrades et des services en chambres&#8230;). Nous nous occupons aussi de la r\u00e9cup\u00e9ration et l\u2019envoi des objets trouv\u00e9s, de la facturation et de la mise en place de la vitrine dans le lobby\u00a0!<\/p>\n<p>C\u2019est un poste int\u00e9ressant car tr\u00e8s complet, nous sommes le point de contact principal entre les clients de l\u2019h\u00f4tel et les diff\u00e9rentes \u00e9quipes.\u00a0\ud83d\ude0a<\/p>\n<p>&nbsp;<\/p>\n<h4><strong>Existe-t-il une \u00ab\u00a0journ\u00e9e type\u00a0\u00bb au poste de R\u00e9ceptionniste \u00e0 l\u2019H\u00f4tel l\u2019Elys\u00e9e Val d\u2019Europe ?<\/strong><\/h4>\n<p>Nous sommes dix r\u00e9ceptionnistes \u00e0 l\u2019H\u00f4tel l\u2019Elys\u00e9e Val D\u2019Europe dont une chef de r\u00e9ception, deux chefs de brigade et une apprentie.<br \/>\nNous sommes organis\u00e9s en trois \u00e9quipes pr\u00e9sentes chacune 8h par jour pour qu\u2019il y ait tout le temps une personne pr\u00eate \u00e0 accueillir les clients\u00a0!<\/p>\n<p>Nous sommes tous polyvalents et nous nous r\u00e9partissons les t\u00e2ches en fonction des demandes. G\u00e9n\u00e9ralement la matin\u00e9e est consacr\u00e9e aux t\u00e2ches administratives, aux check-out et \u00e0 l\u2019organisation des arriv\u00e9es du jour\u00a0: transmission des informations importantes \u00e0 l\u2019\u00e9quipe H\u00e9bergement pour la pr\u00e9paration des chambres, la gestion des extras et la facturation.<\/p>\n<p>L\u2019apr\u00e8s-midi est plut\u00f4t d\u00e9di\u00e9 aux check-in qui s\u2019effectuent chez nous \u00e0 partir de 15h\u00a0!<\/p>\n<p>&nbsp;<\/p>\n<h4><strong>Le m\u00e9tier de R\u00e9ceptionniste n\u00e9cessite de l\u2019organisation et un tr\u00e8s bon relationnel avec les clients. Peux-tu nous dire de quelle fa\u00e7on tu mets en pratique ces comp\u00e9tences au quotidien\u00a0?<\/strong><\/h4>\n<p>J\u2019essaie de mettre \u00e0 l\u2019aise chaque client d\u00e8s son arriv\u00e9e pour qu\u2019il se sente consid\u00e9r\u00e9 et qu\u2019il sache que l\u2019on prend en compte sa demande. Selon moi l\u2019important est de s\u2019adapter aux attentes des clients tout en restant souriant\u00a0!<\/p>\n<p>&nbsp;<\/p>\n<h4><strong>Quelles sont les comp\u00e9tences que tu as d\u00e9velopp\u00e9 durant cette exp\u00e9rience\u00a0?<\/strong><\/h4>\n<p>Nous avons beaucoup de clients \u00e9trangers \u00e0 l\u2019H\u00f4tel l\u2019Elys\u00e9e Val d\u2019Europe donc j\u2019ai pu am\u00e9liorer mon aisance \u00e0 l\u2019oral en pratiquant diff\u00e9rentes langues au quotidien comme l\u2019anglais ou l\u2019espagnol.<\/p>\n<p>&nbsp;<\/p>\n<h4><strong>Quelle est la chose que tu pr\u00e9f\u00e8res dans ce poste ?<\/strong><\/h4>\n<p>La chose que je pr\u00e9f\u00e8re \u00e0 l\u2019H\u00f4tel l\u2019Elys\u00e9e Val d\u2019Europe est clairement l\u2019ambiance entre les coll\u00e8gues\u00a0!<br \/>\nJ\u2019aime aussi beaucoup le fait de se sentir utile pour les clients.<\/p>\n<p>&nbsp;<\/p>\n<h4><strong>Et la chose que tu aimes le moins\u00a0?<\/strong><\/h4>\n<p>Les p\u00e9riodes de creux o\u00f9 il y a un peu moins de demandes envers la r\u00e9ception.<\/p>\n<p>&nbsp;<\/p>\n<h4><strong>Y a-t-il un moment en particulier qui t\u2019a marqu\u00e9 ?<\/strong><\/h4>\n<p>Le moment o\u00f9 la climatisation est tomb\u00e9e en panne a \u00e9t\u00e9\u00a0tr\u00e8s formateur, il a fallu \u00eatre inventif pour trouver des solutions rapidement\u00a0! Ce qui m\u2019a marqu\u00e9 est l\u2019empathie et la compr\u00e9hension dont a fait preuve un groupe de vacanciers qui a s\u00e9journ\u00e9 \u00e0 l\u2019h\u00f4tel \u00e0 ce moment-l\u00e0.<\/p>\n<p>&nbsp;<\/p>\n<h4><strong>Enfin, quels conseils partagerais-tu avec une personne qui souhaite se former aux m\u00e9tiers de l\u2019h\u00f4tellerie ou int\u00e9grer le poste de r\u00e9ceptionniste apr\u00e8s ses \u00e9tudes\u00a0?<\/strong><\/h4>\n<p>Je dirais qu\u2019il faut beaucoup aimer le contact avec les clients, \u00eatre accueillant, empathique et savoir r\u00e9agir rapidement pour r\u00e9soudre les petits probl\u00e8mes du quotidien.\u00a0\ud83d\ude0a<\/p>\n<p>&nbsp;<\/p>\n<h4><strong>Merci Antoine, nous te souhaitons bon voyage en Nouvelle-Z\u00e9lande\u00a0!<br \/>\n<\/strong><\/h4>\n<p>Merci\u00a0!\u00a0\ud83d\ude0a<\/p>\n<p>&nbsp;<\/p>\n                <\/div>\n            \n                    <\/div>\n    <\/section>\n    ","protected":false},"excerpt":{"rendered":"","protected":false},"author":3,"featured_media":0,"parent":0,"menu_order":0,"comment_status":"closed","ping_status":"closed","template":"","meta":{"_acf_changed":false,"footnotes":""},"class_list":["post-4981","page","type-page","status-publish","hentry"],"acf":[],"yoast_head":"<!-- This site is optimized with the Yoast SEO plugin v26.9 - https:\/\/yoast.com\/product\/yoast-seo-wordpress\/ -->\n<title>Interview R\u00e9ceptionniste de l&#039;H\u00f4tel l&#039;Elys\u00e9e Val d&#039;Europe : Antoine - H\u00f4tel L&#039;Elys\u00e9e Val d&#039;Europe | 4* Pr\u00e8s de Disneyland\u00ae Paris\u00ae<\/title>\n<meta name=\"description\" content=\"Interview de notre r\u00e9ceptionniste \u00e0 l&#039;H\u00f4tel l&#039;Elys\u00e9e Val d&#039;Europe : d\u00e9couvrez son r\u00f4le, son parcours et ses conseils !\" \/>\n<meta name=\"robots\" content=\"index, follow, max-snippet:-1, max-image-preview:large, max-video-preview:-1\" \/>\n<link rel=\"canonical\" href=\"https:\/\/www.hotelelysee.com\/fr\/interview-receptionniste\/\" \/>\n<meta property=\"og:locale\" content=\"fr_FR\" \/>\n<meta property=\"og:type\" content=\"article\" \/>\n<meta property=\"og:title\" content=\"Interview R\u00e9ceptionniste de l&#039;H\u00f4tel l&#039;Elys\u00e9e Val d&#039;Europe : Antoine - H\u00f4tel L&#039;Elys\u00e9e Val d&#039;Europe | 4* Pr\u00e8s de Disneyland\u00ae Paris\u00ae\" \/>\n<meta property=\"og:description\" content=\"Interview de notre r\u00e9ceptionniste \u00e0 l&#039;H\u00f4tel l&#039;Elys\u00e9e Val d&#039;Europe : d\u00e9couvrez son r\u00f4le, son parcours et ses conseils !\" \/>\n<meta property=\"og:url\" content=\"https:\/\/www.hotelelysee.com\/fr\/interview-receptionniste\/\" \/>\n<meta property=\"og:site_name\" content=\"H\u00f4tel L&#039;Elys\u00e9e Val d&#039;Europe | 4* Pr\u00e8s de Disneyland\u00ae Paris\u00ae\" \/>\n<meta property=\"article:modified_time\" content=\"2024-10-28T14:41:41+00:00\" \/>\n<meta name=\"twitter:card\" content=\"summary_large_image\" \/>\n<script type=\"application\/ld+json\" class=\"yoast-schema-graph\">{\"@context\":\"https:\/\/schema.org\",\"@graph\":[{\"@type\":\"WebPage\",\"@id\":\"https:\/\/www.hotelelysee.com\/fr\/interview-receptionniste\/\",\"url\":\"https:\/\/www.hotelelysee.com\/fr\/interview-receptionniste\/\",\"name\":\"Interview R\u00e9ceptionniste de l'H\u00f4tel l'Elys\u00e9e Val d'Europe : Antoine - H\u00f4tel L&#039;Elys\u00e9e Val d&#039;Europe | 4* Pr\u00e8s de Disneyland\u00ae Paris\u00ae\",\"isPartOf\":{\"@id\":\"https:\/\/www.hotelelysee.com\/fr\/#website\"},\"datePublished\":\"2024-04-29T10:40:48+00:00\",\"dateModified\":\"2024-10-28T14:41:41+00:00\",\"description\":\"Interview de notre r\u00e9ceptionniste \u00e0 l'H\u00f4tel l'Elys\u00e9e Val d'Europe : d\u00e9couvrez son r\u00f4le, son parcours et ses conseils !\",\"breadcrumb\":{\"@id\":\"https:\/\/www.hotelelysee.com\/fr\/interview-receptionniste\/#breadcrumb\"},\"inLanguage\":\"fr-FR\",\"potentialAction\":[{\"@type\":\"ReadAction\",\"target\":[\"https:\/\/www.hotelelysee.com\/fr\/interview-receptionniste\/\"]}]},{\"@type\":\"BreadcrumbList\",\"@id\":\"https:\/\/www.hotelelysee.com\/fr\/interview-receptionniste\/#breadcrumb\",\"itemListElement\":[{\"@type\":\"ListItem\",\"position\":1,\"name\":\"Accueil\",\"item\":\"https:\/\/www.hotelelysee.com\/fr\/\"},{\"@type\":\"ListItem\",\"position\":2,\"name\":\"Interview R\u00e9ceptionniste de l&#8217;H\u00f4tel l&#8217;Elys\u00e9e Val d&#8217;Europe : Antoine\"}]},{\"@type\":\"WebSite\",\"@id\":\"https:\/\/www.hotelelysee.com\/fr\/#website\",\"url\":\"https:\/\/www.hotelelysee.com\/fr\/\",\"name\":\"H\u00f4tel L'Elys\u00e9e Val d'Europe | 4* near Disneyland\u00ae Paris\",\"description\":\"Un h\u00f4tel 4 \u00e9toiles parfait pour la famille... et les entreprises\",\"potentialAction\":[{\"@type\":\"SearchAction\",\"target\":{\"@type\":\"EntryPoint\",\"urlTemplate\":\"https:\/\/www.hotelelysee.com\/fr\/?s={search_term_string}\"},\"query-input\":{\"@type\":\"PropertyValueSpecification\",\"valueRequired\":true,\"valueName\":\"search_term_string\"}}],\"inLanguage\":\"fr-FR\"}]}<\/script>\n<!-- \/ Yoast SEO plugin. -->","yoast_head_json":{"title":"Interview R\u00e9ceptionniste de l'H\u00f4tel l'Elys\u00e9e Val d'Europe : Antoine - H\u00f4tel L&#039;Elys\u00e9e Val d&#039;Europe | 4* Pr\u00e8s de Disneyland\u00ae Paris\u00ae","description":"Interview de notre r\u00e9ceptionniste \u00e0 l'H\u00f4tel l'Elys\u00e9e Val d'Europe : d\u00e9couvrez son r\u00f4le, son parcours et ses conseils !","robots":{"index":"index","follow":"follow","max-snippet":"max-snippet:-1","max-image-preview":"max-image-preview:large","max-video-preview":"max-video-preview:-1"},"canonical":"https:\/\/www.hotelelysee.com\/fr\/interview-receptionniste\/","og_locale":"fr_FR","og_type":"article","og_title":"Interview R\u00e9ceptionniste de l'H\u00f4tel l'Elys\u00e9e Val d'Europe : Antoine - H\u00f4tel L&#039;Elys\u00e9e Val d&#039;Europe | 4* Pr\u00e8s de Disneyland\u00ae Paris\u00ae","og_description":"Interview de notre r\u00e9ceptionniste \u00e0 l'H\u00f4tel l'Elys\u00e9e Val d'Europe : d\u00e9couvrez son r\u00f4le, son parcours et ses conseils !","og_url":"https:\/\/www.hotelelysee.com\/fr\/interview-receptionniste\/","og_site_name":"H\u00f4tel L&#039;Elys\u00e9e Val d&#039;Europe | 4* Pr\u00e8s de Disneyland\u00ae Paris\u00ae","article_modified_time":"2024-10-28T14:41:41+00:00","twitter_card":"summary_large_image","schema":{"@context":"https:\/\/schema.org","@graph":[{"@type":"WebPage","@id":"https:\/\/www.hotelelysee.com\/fr\/interview-receptionniste\/","url":"https:\/\/www.hotelelysee.com\/fr\/interview-receptionniste\/","name":"Interview R\u00e9ceptionniste de l'H\u00f4tel l'Elys\u00e9e Val d'Europe : Antoine - H\u00f4tel L&#039;Elys\u00e9e Val d&#039;Europe | 4* Pr\u00e8s de Disneyland\u00ae Paris\u00ae","isPartOf":{"@id":"https:\/\/www.hotelelysee.com\/fr\/#website"},"datePublished":"2024-04-29T10:40:48+00:00","dateModified":"2024-10-28T14:41:41+00:00","description":"Interview de notre r\u00e9ceptionniste \u00e0 l'H\u00f4tel l'Elys\u00e9e Val d'Europe : d\u00e9couvrez son r\u00f4le, son parcours et ses conseils !","breadcrumb":{"@id":"https:\/\/www.hotelelysee.com\/fr\/interview-receptionniste\/#breadcrumb"},"inLanguage":"fr-FR","potentialAction":[{"@type":"ReadAction","target":["https:\/\/www.hotelelysee.com\/fr\/interview-receptionniste\/"]}]},{"@type":"BreadcrumbList","@id":"https:\/\/www.hotelelysee.com\/fr\/interview-receptionniste\/#breadcrumb","itemListElement":[{"@type":"ListItem","position":1,"name":"Accueil","item":"https:\/\/www.hotelelysee.com\/fr\/"},{"@type":"ListItem","position":2,"name":"Interview R\u00e9ceptionniste de l&#8217;H\u00f4tel l&#8217;Elys\u00e9e Val d&#8217;Europe : Antoine"}]},{"@type":"WebSite","@id":"https:\/\/www.hotelelysee.com\/fr\/#website","url":"https:\/\/www.hotelelysee.com\/fr\/","name":"H\u00f4tel L'Elys\u00e9e Val d'Europe | 4* near Disneyland\u00ae Paris","description":"Un h\u00f4tel 4 \u00e9toiles parfait pour la famille... et les entreprises","potentialAction":[{"@type":"SearchAction","target":{"@type":"EntryPoint","urlTemplate":"https:\/\/www.hotelelysee.com\/fr\/?s={search_term_string}"},"query-input":{"@type":"PropertyValueSpecification","valueRequired":true,"valueName":"search_term_string"}}],"inLanguage":"fr-FR"}]}},"_links":{"self":[{"href":"https:\/\/www.hotelelysee.com\/fr\/wp-json\/wp\/v2\/pages\/4981","targetHints":{"allow":["GET"]}}],"collection":[{"href":"https:\/\/www.hotelelysee.com\/fr\/wp-json\/wp\/v2\/pages"}],"about":[{"href":"https:\/\/www.hotelelysee.com\/fr\/wp-json\/wp\/v2\/types\/page"}],"author":[{"embeddable":true,"href":"https:\/\/www.hotelelysee.com\/fr\/wp-json\/wp\/v2\/users\/3"}],"replies":[{"embeddable":true,"href":"https:\/\/www.hotelelysee.com\/fr\/wp-json\/wp\/v2\/comments?post=4981"}],"version-history":[{"count":6,"href":"https:\/\/www.hotelelysee.com\/fr\/wp-json\/wp\/v2\/pages\/4981\/revisions"}],"predecessor-version":[{"id":6290,"href":"https:\/\/www.hotelelysee.com\/fr\/wp-json\/wp\/v2\/pages\/4981\/revisions\/6290"}],"wp:attachment":[{"href":"https:\/\/www.hotelelysee.com\/fr\/wp-json\/wp\/v2\/media?parent=4981"}],"curies":[{"name":"wp","href":"https:\/\/api.w.org\/{rel}","templated":true}]}}