{"id":6673,"date":"2025-01-24T14:57:33","date_gmt":"2025-01-24T14:57:33","guid":{"rendered":"https:\/\/www.hotelelysee.com\/registration-confirmed\/"},"modified":"2025-02-11T16:31:35","modified_gmt":"2025-02-11T16:31:35","slug":"registration-confirmed","status":"publish","type":"page","link":"https:\/\/www.hotelelysee.com\/fr\/registration-confirmed\/","title":{"rendered":"Inscription confirm\u00e9e"},"content":{"rendered":"\n<p><\/p>\n\n\n\n<figure class=\"wp-block-image size-large is-resized\"><img loading=\"lazy\" decoding=\"async\" width=\"1024\" height=\"576\" src=\"https:\/\/www.hotelelysee.com\/wp-content\/uploads\/2025\/01\/Votre-texte-de-paragraphe-9-1024x576.jpg\" alt=\"\" class=\"wp-image-6674\" style=\"width:874px;height:auto\" srcset=\"https:\/\/www.hotelelysee.com\/wp-content\/uploads\/2025\/01\/Votre-texte-de-paragraphe-9-1024x576.jpg 1024w, https:\/\/www.hotelelysee.com\/wp-content\/uploads\/2025\/01\/Votre-texte-de-paragraphe-9-300x169.jpg 300w, https:\/\/www.hotelelysee.com\/wp-content\/uploads\/2025\/01\/Votre-texte-de-paragraphe-9-768x432.jpg 768w, https:\/\/www.hotelelysee.com\/wp-content\/uploads\/2025\/01\/Votre-texte-de-paragraphe-9-1536x864.jpg 1536w, https:\/\/www.hotelelysee.com\/wp-content\/uploads\/2025\/01\/Votre-texte-de-paragraphe-9-188x106.jpg 188w, https:\/\/www.hotelelysee.com\/wp-content\/uploads\/2025\/01\/Votre-texte-de-paragraphe-9-375x211.jpg 375w, https:\/\/www.hotelelysee.com\/wp-content\/uploads\/2025\/01\/Votre-texte-de-paragraphe-9-500x281.jpg 500w, https:\/\/www.hotelelysee.com\/wp-content\/uploads\/2025\/01\/Votre-texte-de-paragraphe-9-640x360.jpg 640w, https:\/\/www.hotelelysee.com\/wp-content\/uploads\/2025\/01\/Votre-texte-de-paragraphe-9-800x450.jpg 800w, https:\/\/www.hotelelysee.com\/wp-content\/uploads\/2025\/01\/Votre-texte-de-paragraphe-9-1367x769.jpg 1367w, https:\/\/www.hotelelysee.com\/wp-content\/uploads\/2025\/01\/Votre-texte-de-paragraphe-9.jpg 1920w\" sizes=\"auto, (max-width: 1024px) 100vw, 1024px\" \/><\/figure>\n\n\n    <section\n    class=\"row spacing container content-block-container\"\n    id=\"block_827d0fd144a416b3ec336bf02c3fc537\"\n    data-aos=\"fade-up\"\n        >\n        \n        <div class=\"content-block text-align-center\">\n                            <p class=\"mb-1 overline color-accent\" data-aos=\"fade-up\">\n                    f\u00e9licitations                <\/p>\n                                        <h2 data-aos=\"fade-up\">Vous inscription \u00e0 notre newsletter est confirm\u00e9e ! \ud83d\ude0a                                            <span class=\"subtitle\" data-aos=\"fade-up\" data-aos-delay=\"50\">\n                            Vous recevrez par email toutes nos actualit\u00e9s, nos bons plans et nos \u00e9v\u00e8nements                        <\/span>\n                                    <\/h2>\n                        \n                        <div class=\"buttons no-margin centered\" data-aos=\"fade-up\"data-aos-delay=\"200\">\n                                                <a class=\"button primary  \" href=\"https:\/\/www.hotelelysee.com\/fr\/home-copy\/\"   >\n            Visiter notre site        <\/a>\n                                                    <\/div>\n                <\/div>\n    <\/section>\n    \n\n\n<p><\/p>\n","protected":false},"excerpt":{"rendered":"","protected":false},"author":3,"featured_media":0,"parent":0,"menu_order":0,"comment_status":"closed","ping_status":"closed","template":"","meta":{"_acf_changed":false,"footnotes":""},"class_list":["post-6673","page","type-page","status-publish","hentry"],"acf":[],"yoast_head":"<!-- This site is optimized with the Yoast SEO plugin v26.9 - https:\/\/yoast.com\/product\/yoast-seo-wordpress\/ -->\n<title>Inscription confirm\u00e9e - H\u00f4tel L&#039;Elys\u00e9e Val d&#039;Europe | 4* Pr\u00e8s de Disneyland\u00ae Paris\u00ae<\/title>\n<meta name=\"robots\" content=\"index, follow, max-snippet:-1, max-image-preview:large, max-video-preview:-1\" \/>\n<link rel=\"canonical\" href=\"https:\/\/www.hotelelysee.com\/fr\/registration-confirmed\/\" \/>\n<meta property=\"og:locale\" content=\"fr_FR\" \/>\n<meta property=\"og:type\" content=\"article\" \/>\n<meta property=\"og:title\" content=\"Inscription confirm\u00e9e - H\u00f4tel L&#039;Elys\u00e9e Val d&#039;Europe | 4* Pr\u00e8s de Disneyland\u00ae Paris\u00ae\" \/>\n<meta property=\"og:url\" content=\"https:\/\/www.hotelelysee.com\/fr\/registration-confirmed\/\" \/>\n<meta property=\"og:site_name\" content=\"H\u00f4tel L&#039;Elys\u00e9e Val d&#039;Europe | 4* Pr\u00e8s de Disneyland\u00ae Paris\u00ae\" \/>\n<meta property=\"article:modified_time\" content=\"2025-02-11T16:31:35+00:00\" \/>\n<meta property=\"og:image\" content=\"https:\/\/www.hotelelysee.com\/wp-content\/uploads\/2025\/01\/Votre-texte-de-paragraphe-9.jpg\" \/>\n\t<meta property=\"og:image:width\" content=\"1920\" \/>\n\t<meta property=\"og:image:height\" content=\"1080\" \/>\n\t<meta property=\"og:image:type\" content=\"image\/jpeg\" \/>\n<meta name=\"twitter:card\" content=\"summary_large_image\" \/>\n<meta name=\"twitter:label1\" content=\"Dur\u00e9e de lecture estim\u00e9e\" \/>\n\t<meta name=\"twitter:data1\" content=\"1 minute\" \/>\n<script type=\"application\/ld+json\" class=\"yoast-schema-graph\">{\"@context\":\"https:\/\/schema.org\",\"@graph\":[{\"@type\":\"WebPage\",\"@id\":\"https:\/\/www.hotelelysee.com\/fr\/registration-confirmed\/\",\"url\":\"https:\/\/www.hotelelysee.com\/fr\/registration-confirmed\/\",\"name\":\"Inscription confirm\u00e9e - H\u00f4tel L&#039;Elys\u00e9e Val d&#039;Europe | 4* Pr\u00e8s de Disneyland\u00ae Paris\u00ae\",\"isPartOf\":{\"@id\":\"https:\/\/www.hotelelysee.com\/fr\/#website\"},\"primaryImageOfPage\":{\"@id\":\"https:\/\/www.hotelelysee.com\/fr\/registration-confirmed\/#primaryimage\"},\"image\":{\"@id\":\"https:\/\/www.hotelelysee.com\/fr\/registration-confirmed\/#primaryimage\"},\"thumbnailUrl\":\"https:\/\/www.hotelelysee.com\/wp-content\/uploads\/2025\/01\/Votre-texte-de-paragraphe-9-1024x576.jpg\",\"datePublished\":\"2025-01-24T14:57:33+00:00\",\"dateModified\":\"2025-02-11T16:31:35+00:00\",\"breadcrumb\":{\"@id\":\"https:\/\/www.hotelelysee.com\/fr\/registration-confirmed\/#breadcrumb\"},\"inLanguage\":\"fr-FR\",\"potentialAction\":[{\"@type\":\"ReadAction\",\"target\":[\"https:\/\/www.hotelelysee.com\/fr\/registration-confirmed\/\"]}]},{\"@type\":\"ImageObject\",\"inLanguage\":\"fr-FR\",\"@id\":\"https:\/\/www.hotelelysee.com\/fr\/registration-confirmed\/#primaryimage\",\"url\":\"https:\/\/www.hotelelysee.com\/wp-content\/uploads\/2025\/01\/Votre-texte-de-paragraphe-9-1024x576.jpg\",\"contentUrl\":\"https:\/\/www.hotelelysee.com\/wp-content\/uploads\/2025\/01\/Votre-texte-de-paragraphe-9-1024x576.jpg\"},{\"@type\":\"BreadcrumbList\",\"@id\":\"https:\/\/www.hotelelysee.com\/fr\/registration-confirmed\/#breadcrumb\",\"itemListElement\":[{\"@type\":\"ListItem\",\"position\":1,\"name\":\"Accueil\",\"item\":\"https:\/\/www.hotelelysee.com\/fr\/\"},{\"@type\":\"ListItem\",\"position\":2,\"name\":\"Inscription confirm\u00e9e\"}]},{\"@type\":\"WebSite\",\"@id\":\"https:\/\/www.hotelelysee.com\/fr\/#website\",\"url\":\"https:\/\/www.hotelelysee.com\/fr\/\",\"name\":\"H\u00f4tel L'Elys\u00e9e Val d'Europe | 4* near Disneyland\u00ae Paris\",\"description\":\"Un h\u00f4tel 4 \u00e9toiles parfait pour la famille... et les entreprises\",\"potentialAction\":[{\"@type\":\"SearchAction\",\"target\":{\"@type\":\"EntryPoint\",\"urlTemplate\":\"https:\/\/www.hotelelysee.com\/fr\/?s={search_term_string}\"},\"query-input\":{\"@type\":\"PropertyValueSpecification\",\"valueRequired\":true,\"valueName\":\"search_term_string\"}}],\"inLanguage\":\"fr-FR\"}]}<\/script>\n<!-- \/ Yoast SEO plugin. -->","yoast_head_json":{"title":"Inscription confirm\u00e9e - H\u00f4tel L&#039;Elys\u00e9e Val d&#039;Europe | 4* Pr\u00e8s de Disneyland\u00ae Paris\u00ae","robots":{"index":"index","follow":"follow","max-snippet":"max-snippet:-1","max-image-preview":"max-image-preview:large","max-video-preview":"max-video-preview:-1"},"canonical":"https:\/\/www.hotelelysee.com\/fr\/registration-confirmed\/","og_locale":"fr_FR","og_type":"article","og_title":"Inscription confirm\u00e9e - H\u00f4tel L&#039;Elys\u00e9e Val d&#039;Europe | 4* Pr\u00e8s de Disneyland\u00ae Paris\u00ae","og_url":"https:\/\/www.hotelelysee.com\/fr\/registration-confirmed\/","og_site_name":"H\u00f4tel L&#039;Elys\u00e9e Val d&#039;Europe | 4* Pr\u00e8s de Disneyland\u00ae Paris\u00ae","article_modified_time":"2025-02-11T16:31:35+00:00","og_image":[{"width":1920,"height":1080,"url":"https:\/\/www.hotelelysee.com\/wp-content\/uploads\/2025\/01\/Votre-texte-de-paragraphe-9.jpg","type":"image\/jpeg"}],"twitter_card":"summary_large_image","twitter_misc":{"Dur\u00e9e de lecture estim\u00e9e":"1 minute"},"schema":{"@context":"https:\/\/schema.org","@graph":[{"@type":"WebPage","@id":"https:\/\/www.hotelelysee.com\/fr\/registration-confirmed\/","url":"https:\/\/www.hotelelysee.com\/fr\/registration-confirmed\/","name":"Inscription confirm\u00e9e - H\u00f4tel L&#039;Elys\u00e9e Val d&#039;Europe | 4* Pr\u00e8s de Disneyland\u00ae Paris\u00ae","isPartOf":{"@id":"https:\/\/www.hotelelysee.com\/fr\/#website"},"primaryImageOfPage":{"@id":"https:\/\/www.hotelelysee.com\/fr\/registration-confirmed\/#primaryimage"},"image":{"@id":"https:\/\/www.hotelelysee.com\/fr\/registration-confirmed\/#primaryimage"},"thumbnailUrl":"https:\/\/www.hotelelysee.com\/wp-content\/uploads\/2025\/01\/Votre-texte-de-paragraphe-9-1024x576.jpg","datePublished":"2025-01-24T14:57:33+00:00","dateModified":"2025-02-11T16:31:35+00:00","breadcrumb":{"@id":"https:\/\/www.hotelelysee.com\/fr\/registration-confirmed\/#breadcrumb"},"inLanguage":"fr-FR","potentialAction":[{"@type":"ReadAction","target":["https:\/\/www.hotelelysee.com\/fr\/registration-confirmed\/"]}]},{"@type":"ImageObject","inLanguage":"fr-FR","@id":"https:\/\/www.hotelelysee.com\/fr\/registration-confirmed\/#primaryimage","url":"https:\/\/www.hotelelysee.com\/wp-content\/uploads\/2025\/01\/Votre-texte-de-paragraphe-9-1024x576.jpg","contentUrl":"https:\/\/www.hotelelysee.com\/wp-content\/uploads\/2025\/01\/Votre-texte-de-paragraphe-9-1024x576.jpg"},{"@type":"BreadcrumbList","@id":"https:\/\/www.hotelelysee.com\/fr\/registration-confirmed\/#breadcrumb","itemListElement":[{"@type":"ListItem","position":1,"name":"Accueil","item":"https:\/\/www.hotelelysee.com\/fr\/"},{"@type":"ListItem","position":2,"name":"Inscription confirm\u00e9e"}]},{"@type":"WebSite","@id":"https:\/\/www.hotelelysee.com\/fr\/#website","url":"https:\/\/www.hotelelysee.com\/fr\/","name":"H\u00f4tel L'Elys\u00e9e Val d'Europe | 4* near Disneyland\u00ae Paris","description":"Un h\u00f4tel 4 \u00e9toiles parfait pour la famille... et les entreprises","potentialAction":[{"@type":"SearchAction","target":{"@type":"EntryPoint","urlTemplate":"https:\/\/www.hotelelysee.com\/fr\/?s={search_term_string}"},"query-input":{"@type":"PropertyValueSpecification","valueRequired":true,"valueName":"search_term_string"}}],"inLanguage":"fr-FR"}]}},"_links":{"self":[{"href":"https:\/\/www.hotelelysee.com\/fr\/wp-json\/wp\/v2\/pages\/6673","targetHints":{"allow":["GET"]}}],"collection":[{"href":"https:\/\/www.hotelelysee.com\/fr\/wp-json\/wp\/v2\/pages"}],"about":[{"href":"https:\/\/www.hotelelysee.com\/fr\/wp-json\/wp\/v2\/types\/page"}],"author":[{"embeddable":true,"href":"https:\/\/www.hotelelysee.com\/fr\/wp-json\/wp\/v2\/users\/3"}],"replies":[{"embeddable":true,"href":"https:\/\/www.hotelelysee.com\/fr\/wp-json\/wp\/v2\/comments?post=6673"}],"version-history":[{"count":4,"href":"https:\/\/www.hotelelysee.com\/fr\/wp-json\/wp\/v2\/pages\/6673\/revisions"}],"predecessor-version":[{"id":6741,"href":"https:\/\/www.hotelelysee.com\/fr\/wp-json\/wp\/v2\/pages\/6673\/revisions\/6741"}],"wp:attachment":[{"href":"https:\/\/www.hotelelysee.com\/fr\/wp-json\/wp\/v2\/media?parent=6673"}],"curies":[{"name":"wp","href":"https:\/\/api.w.org\/{rel}","templated":true}]}}