{"id":6742,"date":"2025-02-11T16:31:59","date_gmt":"2025-02-11T16:31:59","guid":{"rendered":"https:\/\/www.hotelelysee.com\/registration-confirmed-copy\/"},"modified":"2025-02-12T09:35:53","modified_gmt":"2025-02-12T09:35:53","slug":"confirmation-formulaire","status":"publish","type":"page","link":"https:\/\/www.hotelelysee.com\/fr\/confirmation-formulaire\/","title":{"rendered":"Confirmation de formulaire"},"content":{"rendered":"<div class=\"wp-block-image\">\n<figure class=\"aligncenter size-full is-resized\"><img loading=\"lazy\" decoding=\"async\" width=\"480\" height=\"480\" src=\"https:\/\/www.hotelelysee.com\/wp-content\/uploads\/2025\/02\/Carre_blanc-1.jpg\" alt=\"\" class=\"wp-image-6752\" style=\"width:159px;height:auto\" srcset=\"https:\/\/www.hotelelysee.com\/wp-content\/uploads\/2025\/02\/Carre_blanc-1.jpg 480w, https:\/\/www.hotelelysee.com\/wp-content\/uploads\/2025\/02\/Carre_blanc-1-300x300.jpg 300w, https:\/\/www.hotelelysee.com\/wp-content\/uploads\/2025\/02\/Carre_blanc-1-150x150.jpg 150w, https:\/\/www.hotelelysee.com\/wp-content\/uploads\/2025\/02\/Carre_blanc-1-188x188.jpg 188w, https:\/\/www.hotelelysee.com\/wp-content\/uploads\/2025\/02\/Carre_blanc-1-375x375.jpg 375w, https:\/\/www.hotelelysee.com\/wp-content\/uploads\/2025\/02\/Carre_blanc-1-400x400.jpg 400w\" sizes=\"auto, (max-width: 480px) 100vw, 480px\" \/><\/figure>\n<\/div>\n\n    <section\n    class=\"row spacing container content-block-container\"\n    id=\"block_ec565e9b8beffb493cfb512767e8b9ad\"\n    data-aos=\"fade-up\"\n        >\n        \n        <div class=\"content-block text-align-center\">\n                            <p class=\"mb-1 overline color-accent\" data-aos=\"fade-up\">\n                    newsletter                <\/p>\n                                        <h2 data-aos=\"fade-up\">Merci pour votre inscription ! \ud83d\udce9                                             <span class=\"subtitle\" data-aos=\"fade-up\" data-aos-delay=\"50\">\n                            Un email de confirmation vient de vous \u00eatre envoy\u00e9. Cliquez sur le lien pour valider votre abonnement.                        <\/span>\n                                    <\/h2>\n                        \n                    <\/div>\n    <\/section>\n    \n\n\n<p><\/p>\n","protected":false},"excerpt":{"rendered":"","protected":false},"author":3,"featured_media":0,"parent":0,"menu_order":0,"comment_status":"closed","ping_status":"closed","template":"","meta":{"_acf_changed":false,"footnotes":""},"class_list":["post-6742","page","type-page","status-publish","hentry"],"acf":[],"yoast_head":"<!-- This site is optimized with the Yoast SEO plugin v26.9 - https:\/\/yoast.com\/product\/yoast-seo-wordpress\/ -->\n<title>Confirmation de formulaire - H\u00f4tel L&#039;Elys\u00e9e Val d&#039;Europe | 4* Pr\u00e8s de Disneyland\u00ae Paris\u00ae<\/title>\n<meta name=\"robots\" content=\"index, follow, max-snippet:-1, max-image-preview:large, max-video-preview:-1\" \/>\n<link rel=\"canonical\" href=\"https:\/\/www.hotelelysee.com\/fr\/confirmation-formulaire\/\" \/>\n<meta property=\"og:locale\" content=\"fr_FR\" \/>\n<meta property=\"og:type\" content=\"article\" \/>\n<meta property=\"og:title\" content=\"Confirmation de formulaire - H\u00f4tel L&#039;Elys\u00e9e Val d&#039;Europe | 4* Pr\u00e8s de Disneyland\u00ae Paris\u00ae\" \/>\n<meta property=\"og:url\" content=\"https:\/\/www.hotelelysee.com\/fr\/confirmation-formulaire\/\" \/>\n<meta property=\"og:site_name\" content=\"H\u00f4tel L&#039;Elys\u00e9e Val d&#039;Europe | 4* Pr\u00e8s de Disneyland\u00ae Paris\u00ae\" \/>\n<meta property=\"article:modified_time\" content=\"2025-02-12T09:35:53+00:00\" \/>\n<meta property=\"og:image\" content=\"https:\/\/www.hotelelysee.com\/wp-content\/uploads\/2025\/02\/Carre_blanc-1.jpg\" \/>\n\t<meta property=\"og:image:width\" content=\"480\" \/>\n\t<meta property=\"og:image:height\" content=\"480\" \/>\n\t<meta property=\"og:image:type\" content=\"image\/jpeg\" \/>\n<meta name=\"twitter:card\" content=\"summary_large_image\" \/>\n<meta name=\"twitter:label1\" content=\"Dur\u00e9e de lecture estim\u00e9e\" \/>\n\t<meta name=\"twitter:data1\" content=\"1 minute\" \/>\n<script type=\"application\/ld+json\" class=\"yoast-schema-graph\">{\"@context\":\"https:\/\/schema.org\",\"@graph\":[{\"@type\":\"WebPage\",\"@id\":\"https:\/\/www.hotelelysee.com\/fr\/confirmation-formulaire\/\",\"url\":\"https:\/\/www.hotelelysee.com\/fr\/confirmation-formulaire\/\",\"name\":\"Confirmation de formulaire - H\u00f4tel L&#039;Elys\u00e9e Val d&#039;Europe | 4* Pr\u00e8s de Disneyland\u00ae Paris\u00ae\",\"isPartOf\":{\"@id\":\"https:\/\/www.hotelelysee.com\/fr\/#website\"},\"primaryImageOfPage\":{\"@id\":\"https:\/\/www.hotelelysee.com\/fr\/confirmation-formulaire\/#primaryimage\"},\"image\":{\"@id\":\"https:\/\/www.hotelelysee.com\/fr\/confirmation-formulaire\/#primaryimage\"},\"thumbnailUrl\":\"https:\/\/www.hotelelysee.com\/wp-content\/uploads\/2025\/02\/Carre_blanc-1.jpg\",\"datePublished\":\"2025-02-11T16:31:59+00:00\",\"dateModified\":\"2025-02-12T09:35:53+00:00\",\"breadcrumb\":{\"@id\":\"https:\/\/www.hotelelysee.com\/fr\/confirmation-formulaire\/#breadcrumb\"},\"inLanguage\":\"fr-FR\",\"potentialAction\":[{\"@type\":\"ReadAction\",\"target\":[\"https:\/\/www.hotelelysee.com\/fr\/confirmation-formulaire\/\"]}]},{\"@type\":\"ImageObject\",\"inLanguage\":\"fr-FR\",\"@id\":\"https:\/\/www.hotelelysee.com\/fr\/confirmation-formulaire\/#primaryimage\",\"url\":\"https:\/\/www.hotelelysee.com\/wp-content\/uploads\/2025\/02\/Carre_blanc-1.jpg\",\"contentUrl\":\"https:\/\/www.hotelelysee.com\/wp-content\/uploads\/2025\/02\/Carre_blanc-1.jpg\"},{\"@type\":\"BreadcrumbList\",\"@id\":\"https:\/\/www.hotelelysee.com\/fr\/confirmation-formulaire\/#breadcrumb\",\"itemListElement\":[{\"@type\":\"ListItem\",\"position\":1,\"name\":\"Accueil\",\"item\":\"https:\/\/www.hotelelysee.com\/fr\/\"},{\"@type\":\"ListItem\",\"position\":2,\"name\":\"Confirmation de formulaire\"}]},{\"@type\":\"WebSite\",\"@id\":\"https:\/\/www.hotelelysee.com\/fr\/#website\",\"url\":\"https:\/\/www.hotelelysee.com\/fr\/\",\"name\":\"H\u00f4tel L'Elys\u00e9e Val d'Europe | 4* near Disneyland\u00ae Paris\",\"description\":\"Un h\u00f4tel 4 \u00e9toiles parfait pour la famille... et les entreprises\",\"potentialAction\":[{\"@type\":\"SearchAction\",\"target\":{\"@type\":\"EntryPoint\",\"urlTemplate\":\"https:\/\/www.hotelelysee.com\/fr\/?s={search_term_string}\"},\"query-input\":{\"@type\":\"PropertyValueSpecification\",\"valueRequired\":true,\"valueName\":\"search_term_string\"}}],\"inLanguage\":\"fr-FR\"}]}<\/script>\n<!-- \/ Yoast SEO plugin. -->","yoast_head_json":{"title":"Confirmation de formulaire - H\u00f4tel L&#039;Elys\u00e9e Val d&#039;Europe | 4* Pr\u00e8s de Disneyland\u00ae Paris\u00ae","robots":{"index":"index","follow":"follow","max-snippet":"max-snippet:-1","max-image-preview":"max-image-preview:large","max-video-preview":"max-video-preview:-1"},"canonical":"https:\/\/www.hotelelysee.com\/fr\/confirmation-formulaire\/","og_locale":"fr_FR","og_type":"article","og_title":"Confirmation de formulaire - H\u00f4tel L&#039;Elys\u00e9e Val d&#039;Europe | 4* Pr\u00e8s de Disneyland\u00ae Paris\u00ae","og_url":"https:\/\/www.hotelelysee.com\/fr\/confirmation-formulaire\/","og_site_name":"H\u00f4tel L&#039;Elys\u00e9e Val d&#039;Europe | 4* Pr\u00e8s de Disneyland\u00ae Paris\u00ae","article_modified_time":"2025-02-12T09:35:53+00:00","og_image":[{"width":480,"height":480,"url":"https:\/\/www.hotelelysee.com\/wp-content\/uploads\/2025\/02\/Carre_blanc-1.jpg","type":"image\/jpeg"}],"twitter_card":"summary_large_image","twitter_misc":{"Dur\u00e9e de lecture estim\u00e9e":"1 minute"},"schema":{"@context":"https:\/\/schema.org","@graph":[{"@type":"WebPage","@id":"https:\/\/www.hotelelysee.com\/fr\/confirmation-formulaire\/","url":"https:\/\/www.hotelelysee.com\/fr\/confirmation-formulaire\/","name":"Confirmation de formulaire - H\u00f4tel L&#039;Elys\u00e9e Val d&#039;Europe | 4* Pr\u00e8s de Disneyland\u00ae Paris\u00ae","isPartOf":{"@id":"https:\/\/www.hotelelysee.com\/fr\/#website"},"primaryImageOfPage":{"@id":"https:\/\/www.hotelelysee.com\/fr\/confirmation-formulaire\/#primaryimage"},"image":{"@id":"https:\/\/www.hotelelysee.com\/fr\/confirmation-formulaire\/#primaryimage"},"thumbnailUrl":"https:\/\/www.hotelelysee.com\/wp-content\/uploads\/2025\/02\/Carre_blanc-1.jpg","datePublished":"2025-02-11T16:31:59+00:00","dateModified":"2025-02-12T09:35:53+00:00","breadcrumb":{"@id":"https:\/\/www.hotelelysee.com\/fr\/confirmation-formulaire\/#breadcrumb"},"inLanguage":"fr-FR","potentialAction":[{"@type":"ReadAction","target":["https:\/\/www.hotelelysee.com\/fr\/confirmation-formulaire\/"]}]},{"@type":"ImageObject","inLanguage":"fr-FR","@id":"https:\/\/www.hotelelysee.com\/fr\/confirmation-formulaire\/#primaryimage","url":"https:\/\/www.hotelelysee.com\/wp-content\/uploads\/2025\/02\/Carre_blanc-1.jpg","contentUrl":"https:\/\/www.hotelelysee.com\/wp-content\/uploads\/2025\/02\/Carre_blanc-1.jpg"},{"@type":"BreadcrumbList","@id":"https:\/\/www.hotelelysee.com\/fr\/confirmation-formulaire\/#breadcrumb","itemListElement":[{"@type":"ListItem","position":1,"name":"Accueil","item":"https:\/\/www.hotelelysee.com\/fr\/"},{"@type":"ListItem","position":2,"name":"Confirmation de formulaire"}]},{"@type":"WebSite","@id":"https:\/\/www.hotelelysee.com\/fr\/#website","url":"https:\/\/www.hotelelysee.com\/fr\/","name":"H\u00f4tel L'Elys\u00e9e Val d'Europe | 4* near Disneyland\u00ae Paris","description":"Un h\u00f4tel 4 \u00e9toiles parfait pour la famille... et les entreprises","potentialAction":[{"@type":"SearchAction","target":{"@type":"EntryPoint","urlTemplate":"https:\/\/www.hotelelysee.com\/fr\/?s={search_term_string}"},"query-input":{"@type":"PropertyValueSpecification","valueRequired":true,"valueName":"search_term_string"}}],"inLanguage":"fr-FR"}]}},"_links":{"self":[{"href":"https:\/\/www.hotelelysee.com\/fr\/wp-json\/wp\/v2\/pages\/6742","targetHints":{"allow":["GET"]}}],"collection":[{"href":"https:\/\/www.hotelelysee.com\/fr\/wp-json\/wp\/v2\/pages"}],"about":[{"href":"https:\/\/www.hotelelysee.com\/fr\/wp-json\/wp\/v2\/types\/page"}],"author":[{"embeddable":true,"href":"https:\/\/www.hotelelysee.com\/fr\/wp-json\/wp\/v2\/users\/3"}],"replies":[{"embeddable":true,"href":"https:\/\/www.hotelelysee.com\/fr\/wp-json\/wp\/v2\/comments?post=6742"}],"version-history":[{"count":4,"href":"https:\/\/www.hotelelysee.com\/fr\/wp-json\/wp\/v2\/pages\/6742\/revisions"}],"predecessor-version":[{"id":6755,"href":"https:\/\/www.hotelelysee.com\/fr\/wp-json\/wp\/v2\/pages\/6742\/revisions\/6755"}],"wp:attachment":[{"href":"https:\/\/www.hotelelysee.com\/fr\/wp-json\/wp\/v2\/media?parent=6742"}],"curies":[{"name":"wp","href":"https:\/\/api.w.org\/{rel}","templated":true}]}}